{"id":1130,"date":"2024-11-28T16:07:48","date_gmt":"2024-11-28T15:07:48","guid":{"rendered":"https:\/\/vyvijacepary.sk\/pliki-cookie\/"},"modified":"2025-12-07T12:40:37","modified_gmt":"2025-12-07T11:40:37","slug":"pliki-cookie","status":"publish","type":"page","link":"https:\/\/vyvijacepary.sk\/pl\/pliki-cookie\/","title":{"rendered":"Pliki cookie"},"content":{"rendered":"[vc_row type=&#8221;full_width_background&#8221; full_screen_row_position=&#8221;middle&#8221; column_margin=&#8221;none&#8221; column_direction=&#8221;default&#8221; column_direction_tablet=&#8221;default&#8221; column_direction_phone=&#8221;default&#8221; bg_color=&#8221;#001d3a&#8221; animated_gradient_bg=&#8221;true&#8221; animated_gradient_bg_color_1=&#8221;#000000&#8243; animated_gradient_bg_color_2=&#8221;#2c3c51&#8243; animated_gradient_bg_speed=&#8221;1300&#8243; animated_gradient_bg_blending_mode=&#8221;organic&#8221; scene_position=&#8221;center&#8221; top_padding=&#8221;11%&#8221; bottom_padding=&#8221;8%&#8221; text_color=&#8221;dark&#8221; text_align=&#8221;left&#8221; row_border_radius=&#8221;none&#8221; row_border_radius_applies=&#8221;bg&#8221; overflow=&#8221;visible&#8221; overlay_strength=&#8221;0.3&#8243; gradient_direction=&#8221;left_to_right&#8221; enable_shape_divider=&#8221;true&#8221; shape_divider_position=&#8221;bottom&#8221; bg_image_animation=&#8221;none&#8221; gradient_type=&#8221;default&#8221; shape_type=&#8221;straight_section&#8221;][vc_column column_padding=&#8221;no-extra-padding&#8221; column_padding_tablet=&#8221;inherit&#8221; column_padding_phone=&#8221;inherit&#8221; column_padding_position=&#8221;all&#8221; column_element_direction_desktop=&#8221;default&#8221; column_element_spacing=&#8221;default&#8221; desktop_text_alignment=&#8221;default&#8221; tablet_text_alignment=&#8221;default&#8221; phone_text_alignment=&#8221;default&#8221; background_color_opacity=&#8221;1&#8243; background_hover_color_opacity=&#8221;1&#8243; column_backdrop_filter=&#8221;none&#8221; column_shadow=&#8221;none&#8221; column_border_radius=&#8221;none&#8221; column_link_target=&#8221;_self&#8221; column_position=&#8221;default&#8221; gradient_direction=&#8221;left_to_right&#8221; overlay_strength=&#8221;0.3&#8243; width=&#8221;1\/1&#8243; tablet_width_inherit=&#8221;default&#8221; animation_type=&#8221;default&#8221; bg_image_animation=&#8221;none&#8221; border_type=&#8221;simple&#8221; column_border_width=&#8221;none&#8221; column_border_style=&#8221;solid&#8221;][vc_row_inner column_margin=&#8221;default&#8221; column_direction=&#8221;default&#8221; column_direction_tablet=&#8221;default&#8221; column_direction_phone=&#8221;default&#8221; text_align=&#8221;left&#8221; row_position=&#8221;default&#8221; row_position_tablet=&#8221;inherit&#8221; row_position_phone=&#8221;inherit&#8221; overflow=&#8221;visible&#8221; pointer_events=&#8221;all&#8221;][vc_column_inner column_padding=&#8221;no-extra-padding&#8221; column_padding_tablet=&#8221;inherit&#8221; column_padding_phone=&#8221;inherit&#8221; column_padding_position=&#8221;all&#8221; column_element_direction_desktop=&#8221;default&#8221; column_element_spacing=&#8221;default&#8221; desktop_text_alignment=&#8221;default&#8221; tablet_text_alignment=&#8221;default&#8221; phone_text_alignment=&#8221;default&#8221; background_color_opacity=&#8221;1&#8243; background_hover_color_opacity=&#8221;1&#8243; column_backdrop_filter=&#8221;none&#8221; column_shadow=&#8221;none&#8221; column_border_radius=&#8221;none&#8221; column_link_target=&#8221;_self&#8221; overflow=&#8221;visible&#8221; gradient_direction=&#8221;left_to_right&#8221; overlay_strength=&#8221;0.3&#8243; width=&#8221;1\/1&#8243; tablet_width_inherit=&#8221;default&#8221; animation_type=&#8221;default&#8221; bg_image_animation=&#8221;none&#8221; border_type=&#8221;simple&#8221; column_border_width=&#8221;none&#8221; column_border_style=&#8221;solid&#8221;][split_line_heading animation_type=&#8221;line-reveal-by-space&#8221; font_style=&#8221;h1&#8243; line_reveal_by_space_text_effect=&#8221;default&#8221; content_alignment=&#8221;default&#8221; mobile_content_alignment=&#8221;inherit&#8221; link_target=&#8221;_self&#8221; text_content=&#8221;ZESTAWY CIASTEK&#8221; text_direction=&#8221;default&#8221;][\/split_line_heading][\/vc_column_inner][\/vc_row_inner][vc_row_inner column_margin=&#8221;default&#8221; column_direction=&#8221;default&#8221; column_direction_tablet=&#8221;default&#8221; column_direction_phone=&#8221;default&#8221; text_align=&#8221;left&#8221; row_position=&#8221;default&#8221; row_position_tablet=&#8221;inherit&#8221; row_position_phone=&#8221;inherit&#8221; overflow=&#8221;visible&#8221; pointer_events=&#8221;all&#8221;][vc_column_inner column_padding=&#8221;no-extra-padding&#8221; column_padding_tablet=&#8221;inherit&#8221; column_padding_phone=&#8221;inherit&#8221; column_padding_position=&#8221;all&#8221; column_element_direction_desktop=&#8221;default&#8221; column_element_spacing=&#8221;default&#8221; desktop_text_alignment=&#8221;default&#8221; tablet_text_alignment=&#8221;default&#8221; phone_text_alignment=&#8221;default&#8221; background_color_opacity=&#8221;1&#8243; background_hover_color_opacity=&#8221;1&#8243; column_backdrop_filter=&#8221;none&#8221; column_shadow=&#8221;none&#8221; column_border_radius=&#8221;none&#8221; column_link_target=&#8221;_self&#8221; overflow=&#8221;visible&#8221; gradient_direction=&#8221;left_to_right&#8221; overlay_strength=&#8221;0.3&#8243; width=&#8221;1\/1&#8243; tablet_width_inherit=&#8221;default&#8221; animation_type=&#8221;default&#8221; bg_image_animation=&#8221;none&#8221; border_type=&#8221;simple&#8221; column_border_width=&#8221;none&#8221; column_border_style=&#8221;solid&#8221;][divider line_type=&#8221;No Line&#8221; custom_height=&#8221;45vh&#8221;][\/vc_column_inner][\/vc_row_inner][\/vc_column][\/vc_row][vc_row type=&#8221;in_container&#8221; full_screen_row_position=&#8221;middle&#8221; column_margin=&#8221;default&#8221; column_direction=&#8221;default&#8221; column_direction_tablet=&#8221;default&#8221; column_direction_phone=&#8221;default&#8221; scene_position=&#8221;center&#8221; text_color=&#8221;dark&#8221; text_align=&#8221;left&#8221; row_border_radius=&#8221;none&#8221; row_border_radius_applies=&#8221;bg&#8221; overflow=&#8221;visible&#8221; overlay_strength=&#8221;0.3&#8243; gradient_direction=&#8221;left_to_right&#8221; shape_divider_position=&#8221;bottom&#8221; bg_image_animation=&#8221;none&#8221;][vc_column column_padding=&#8221;no-extra-padding&#8221; column_padding_tablet=&#8221;inherit&#8221; column_padding_phone=&#8221;inherit&#8221; column_padding_position=&#8221;all&#8221; column_element_direction_desktop=&#8221;default&#8221; column_element_spacing=&#8221;default&#8221; desktop_text_alignment=&#8221;default&#8221; tablet_text_alignment=&#8221;default&#8221; phone_text_alignment=&#8221;default&#8221; background_color_opacity=&#8221;1&#8243; background_hover_color_opacity=&#8221;1&#8243; column_backdrop_filter=&#8221;none&#8221; column_shadow=&#8221;none&#8221; column_border_radius=&#8221;none&#8221; column_link_target=&#8221;_self&#8221; column_position=&#8221;default&#8221; gradient_direction=&#8221;left_to_right&#8221; overlay_strength=&#8221;0.3&#8243; width=&#8221;1\/1&#8243; tablet_width_inherit=&#8221;default&#8221; animation_type=&#8221;default&#8221; bg_image_animation=&#8221;none&#8221; border_type=&#8221;simple&#8221; column_border_width=&#8221;none&#8221; column_border_style=&#8221;solid&#8221;][vc_column_text text_direction=&#8221;default&#8221;]W przypadku przetwarzania danych osobowych w celu przetwarzania plik\u00f3w cookie zastosowanie maj\u0105 og\u00f3lne informacje dotycz\u0105ce przetwarzania danych osobowych okre\u015blone powy\u017cej, a tak\u017ce:<\/p>\n<p>1) Cele przetwarzania danych osobowych: na przyk\u0142ad: \u015bwiadczenie us\u0142ug, personalizacja reklam, analiza ruchu, Google Analytics (Google Ireland Limited., Gordon House, Barrow Street, Dublin 4, Irlandia). Pliki cookie to niewielkie ilo\u015bci danych, kt\u00f3re serwery wysy\u0142aj\u0105 do przegl\u0105darki. Ta ostatnia przechowuje je na komputerze u\u017cytkownika. Nast\u0119pnie przegl\u0105darka wysy\u0142a te dane z powrotem do serwera za ka\u017cdym razem, gdy u\u017cytkownik odwiedza witryn\u0119.   <\/p>\n<p>2. Podstawa prawna przetwarzania danych osobowych: art. 6 ust. 1 lit. a) RODO &#8211; osoba, kt\u00f3rej dane dotycz\u0105 wyrazi\u0142a zgod\u0119 na przetwarzanie swoich danych osobowych w jednym lub wi\u0119kszej liczbie okre\u015blonych cel\u00f3w.  <\/p>\n<p>3. Okres przechowywania danych osobowych &#8211; Pliki cookie wykorzystywane na naszej stronie internetowej mo\u017cna podzieli\u0107 na dwa podstawowe rodzaje pod wzgl\u0119dem ich trwa\u0142o\u015bci. Kr\u00f3tkoterminowe &#8222;sesyjne pliki cookie&#8221;, kt\u00f3re s\u0105 tylko tymczasowe i pozostaj\u0105 przechowywane w przegl\u0105darce tylko do momentu zamkni\u0119cia przegl\u0105darki, oraz d\u0142ugoterminowe &#8222;trwa\u0142e pliki cookie&#8221;, kt\u00f3re pozostaj\u0105 przechowywane na urz\u0105dzeniu przez d\u0142u\u017cszy czas lub do momentu ich r\u0119cznego usuni\u0119cia, przy czym czas pozostawania pliku cookie na urz\u0105dzeniu zale\u017cy od ustawie\u0144 samego pliku cookie i ustawie\u0144 przegl\u0105darki.   <\/p>\n<p>4. Podanie danych osobowych jest niezb\u0119dne do osi\u0105gni\u0119cia celu.<\/p>\n<p>Warunki i spos\u00f3b przetwarzania danych osobowych os\u00f3b, kt\u00f3rych dane dotycz\u0105 Administrator przetwarza dane osobowe os\u00f3b, kt\u00f3rych dane dotycz\u0105, w swoich systemach informatycznych za pomoc\u0105 zautomatyzowanych i niezautomatyzowanych \u015brodk\u00f3w przetwarzania. Administrator nie ujawnia przetwarzanych danych osobowych, chyba \u017ce jest to wymagane na mocy szczeg\u00f3lnych przepis\u00f3w prawa lub decyzji s\u0105du lub innego organu publicznego. Administrator nie b\u0119dzie przetwarza\u0142 danych osobowych u\u017cytkownika bez jego wyra\u017anej zgody lub innej zgodnej z prawem podstawy prawnej w innym celu lub w szerszym zakresie ni\u017c okre\u015blono w niniejszych informacjach oraz w kartach ewidencyjnych poszczeg\u00f3lnych system\u00f3w informatycznych administratora.  <\/p>\n<p>Zautomatyzowane indywidualne podejmowanie decyzji, w tym profilowanie Pliki cookie<\/p>\n<p>Operator korzysta z narz\u0119dzia analitycznego do monitorowania swojej strony internetowej, kt\u00f3re kompiluje \u0142a\u0144cuch danych i \u015bledzi, w jaki spos\u00f3b odwiedzaj\u0105cy korzystaj\u0105 z witryny w Internecie. Gdy kto\u015b przegl\u0105da witryn\u0119, system generuje pliki cookie w celu rejestrowania informacji zwi\u0105zanych z wizyt\u0105 (odwiedzane strony, czas sp\u0119dzony w naszej witrynie, dane przegl\u0105dania, opuszczenie witryny itp. Narz\u0119dzie to s\u0142u\u017cy poprawie ergonomii strony internetowej, stworzeniu strony przyjaznej dla u\u017cytkownika i poprawie do\u015bwiadcze\u0144 online odwiedzaj\u0105cych. Wi\u0119kszo\u015b\u0107 przegl\u0105darek internetowych akceptuje pliki cookie, ale odwiedzaj\u0105cy maj\u0105 mo\u017cliwo\u015b\u0107 ich usuni\u0119cia lub automatycznego odrzucenia. Poniewa\u017c ka\u017cda przegl\u0105darka jest inna, odwiedzaj\u0105cy mog\u0105 ustawi\u0107 swoje preferencje dotycz\u0105ce plik\u00f3w cookie indywidualnie za pomoc\u0105 paska narz\u0119dzi przegl\u0105darki. Je\u015bli u\u017cytkownik zdecyduje si\u0119 nie akceptowa\u0107 plik\u00f3w cookie, mo\u017ce nie by\u0107 w stanie korzysta\u0107 z niekt\u00f3rych funkcji naszej witryny.     <\/p>\n<h4>Typ pliku cookie U\u017cycie Wa\u017cno\u015b\u0107 plik\u00f3w cookie<\/h4>\n<p><strong>\u015aci\u015ble niezb\u0119dne\/konieczne<\/strong><\/p>\n<ul>\n<li>dla najwa\u017cniejszych funkcji niezb\u0119dnych\/koniecznych dla strony internetowej, umo\u017cliwiaj\u0105cych jej prawid\u0142owe funkcjonowanie<\/li>\n<li>zapami\u0119tuje nazw\u0119 u\u017cytkownika, aby zapewni\u0107 szybkie logowanie przy nast\u0119pnej wizycie na stronie<\/li>\n<li>te pliki cookie nie gromadz\u0105 \u017cadnych informacji o u\u017cytkowniku, kt\u00f3re mog\u0142yby zosta\u0107 wykorzystane do cel\u00f3w marketingowych<\/li>\n<li>wa\u017cno\u015b\u0107 1 rok<\/li>\n<\/ul>\n<p><strong>Funkcjonalny<\/strong><\/p>\n<ul>\n<li>s\u0105 one wykorzystywane do ulepszania us\u0142ugi dla u\u017cytkownika, dostosowywania interfejsu u\u017cytkownika<\/li>\n<li>informacje o preferencjach s\u0105 rejestrowane zgodnie z wyborem tre\u015bci<\/li>\n<li>Pliki cookie mog\u0105 zapami\u0119tywa\u0107 przedmioty umieszczone w koszyku sklepu internetowego lub napotkane b\u0142\u0119dy.<\/li>\n<li>usuni\u0119te po opuszczeniu strony<\/li>\n<\/ul>\n<p><strong>Wydajno\u015bciowe pliki cookie i ukierunkowane pliki cookie &#8211; analityczne pliki cookie<\/strong><\/p>\n<ul>\n<li>Zewn\u0119trzne narz\u0119dzia analityczne (Google Analytics) s\u0105 wykorzystywane do poprawy jako\u015bci.<\/li>\n<li>Pliki cookie analizy tre\u015bci dla odwiedzaj\u0105cych witryn\u0119<\/li>\n<li>Gromadzone s\u0105 dane statystyczne, takie jak liczba odwiedzin strony internetowej i link\u00f3w do naszej strony internetowej oraz liczba odwiedzin.<\/li>\n<li>pomagaj\u0105 zrozumie\u0107, jak zachowuj\u0105 si\u0119 odwiedzaj\u0105cy witryn\u0119<\/li>\n<li>Pliki cookie poprawiaj\u0105 wydajno\u015b\u0107 witryny<\/li>\n<li>te pliki cookie nie zbieraj\u0105 \u017cadnych informacji w celu ustalenia to\u017csamo\u015bci u\u017cytkownika<\/li>\n<li>s\u0105 anonimowe<\/li>\n<li>automatycznie usuwane 2 lata po ostatniej wizycie na stronie internetowej<\/li>\n<\/ul>\n<p><strong>Udost\u0119pnianie w sieciach spo\u0142eczno\u015bciowych<\/strong><\/p>\n<ul>\n<li>korzystanie z serwis\u00f3w spo\u0142eczno\u015bciowych stron trzecich, kt\u00f3re umo\u017cliwiaj\u0105 udost\u0119pnianie tre\u015bci w mediach spo\u0142eczno\u015bciowych z naszej witryny,<\/li>\n<li>za pomoc\u0105 przycisk\u00f3w &#8222;Lubi\u0119 to&#8221; i &#8222;Udost\u0119pnij&#8221; z ostatnich<\/li>\n<li>pliki cookie s\u0105 wymagane w celu u\u0142atwienia korzystania z ich us\u0142ug<\/li>\n<li>rejestrowanie danych dotycz\u0105cych aktywno\u015bci u\u017cytkownika w Internecie i na stronach internetowych, z kt\u00f3rych korzysta<\/li>\n<li>automatycznie usuwane 2 lata po ostatniej wizycie na stronie internetowej<\/li>\n<\/ul>\n<p><strong>Wy\u015bwietlacz wysokiej jako\u015bci<\/strong><\/p>\n<ul>\n<li>wbudowane pliki cookie, kt\u00f3re poprawiaj\u0105 wydajno\u015b\u0107 i przyspieszaj\u0105 \u0142adowanie<\/li>\n<li>Kompatybilno\u015b\u0107 tre\u015bci i pomocy<\/li>\n<li>usuni\u0119te po zamkni\u0119ciu przegl\u0105darki<\/li>\n<\/ul>\n<p><strong>W\u0142a\u015bciciel strony zgodnie z ustawieniami strony<\/strong><\/p>\n<ul>\n<li>mog\u0105 by\u0107 &#8222;odczytywane&#8221; tylko przez witryn\u0119 (liczba odwiedzaj\u0105cych witryn\u0119, sk\u0105d pochodz\u0105 i kt\u00f3re cz\u0119\u015bci witryny odwiedzili).<\/li>\n<li>1 rok<\/li>\n<\/ul>\n<p>Operator korzysta z programu reklamowego Google AdWords, dzi\u0119ki kt\u00f3remu mo\u017ce tworzy\u0107 reklamy internetowe i dociera\u0107 do os\u00f3b w momencie, gdy s\u0105 one zainteresowane produktami i us\u0142ugami \u015bwiadczonymi przez operatora. Funkcje Remarketing lub Similaraudiences w AdWords umo\u017cliwiaj\u0105 dotarcie do os\u00f3b, kt\u00f3re odwiedzi\u0142y witryn\u0119 operatora w przesz\u0142o\u015bci. Umo\u017cliwiaj\u0105 wy\u015bwietlanie reklam w wyszukiwarce, na YouTube i w wiadomo\u015bciach e-mail. Remarketing dynamiczny umo\u017cliwia u\u017cytkownikom wy\u015bwietlanie reklam produkt\u00f3w lub us\u0142ug, kt\u00f3re ogl\u0105dali w przesz\u0142o\u015bci. Pliki cookie dostarczaj\u0105ce kody remarketingowe mog\u0105 zosta\u0107 wy\u0142\u0105czone przez odwiedzaj\u0105cych witryn\u0119 poprzez dostosowanie odpowiednich ustawie\u0144 w danej przegl\u0105darce. Z operatorem mo\u017cna r\u00f3wnie\u017c skontaktowa\u0107 si\u0119 za po\u015brednictwem Facebooka. Celem zarz\u0105dzania danymi jest udost\u0119pnianie tre\u015bci operatora strony internetowej i prezentacja operatora. Za po\u015brednictwem strony na Facebooku go\u015bcie mog\u0105 dowiedzie\u0107 si\u0119 o nowo\u015bciach, aktualnych ofertach specjalnych operatora, a tak\u017ce obejrze\u0107 zdj\u0119cia wybranych zam\u00f3wie\u0144 operatora. Klikaj\u0105c &#8222;lubi\u0119 to&#8221; na stronie operatora na Facebooku, uczestnicy wyra\u017caj\u0105 zgod\u0119 na publikowanie przez operatora wiadomo\u015bci i ofert na swojej tablicy na Facebooku. Operator publikuje r\u00f3wnie\u017c zdj\u0119cia\/filmy z r\u00f3\u017cnych wydarze\u0144 na swojej stronie na Facebooku.         <\/p>\n<p>Administrator publikuje takie dane os\u00f3b fizycznych wy\u0142\u0105cznie po uprzednim uzyskaniu ich pisemnej zgody. Wi\u0119cej informacji na temat zarz\u0105dzania danymi ze strony na Facebooku mo\u017cna znale\u017a\u0107 w polityce prywatno\u015bci i przewodniku na stronie facebook.com. W celu prezentacji operator posiada r\u00f3wnie\u017c profil na portalu spo\u0142eczno\u015bciowym Instagram, gdzie prezentuje zdj\u0119cia wybranych zam\u00f3wie\u0144 wraz z opisem. Klikaj\u0105c &#8222;obserwuj&#8221;, u\u017cytkownik wyra\u017ca zgod\u0119 na wy\u015bwietlanie zdj\u0119\u0107 publikowanych przez operatora.   [\/vc_column_text][\/vc_column][\/vc_row]\n","protected":false},"excerpt":{"rendered":"<p>[vc_row type=&#8221;full_width_background&#8221; full_screen_row_position=&#8221;middle&#8221; column_margin=&#8221;none&#8221; column_direction=&#8221;default&#8221; column_direction_tablet=&#8221;default&#8221; column_direction_phone=&#8221;default&#8221; bg_color=&#8221;#001d3a&#8221; animated_gradient_bg=&#8221;true&#8221; animated_gradient_bg_color_1=&#8221;#000000&#8243; animated_gradient_bg_color_2=&#8221;#2c3c51&#8243; animated_gradient_bg_speed=&#8221;1300&#8243; animated_gradient_bg_blending_mode=&#8221;organic&#8221; scene_position=&#8221;center&#8221; top_padding=&#8221;11%&#8221; bottom_padding=&#8221;8%&#8221; text_color=&#8221;dark&#8221; text_align=&#8221;left&#8221; row_border_radius=&#8221;none&#8221; row_border_radius_applies=&#8221;bg&#8221; overflow=&#8221;visible&#8221; overlay_strength=&#8221;0.3&#8243; gradient_direction=&#8221;left_to_right&#8221; enable_shape_divider=&#8221;true&#8221; shape_divider_position=&#8221;bottom&#8221; bg_image_animation=&#8221;none&#8221; gradient_type=&#8221;default&#8221; shape_type=&#8221;straight_section&#8221;][vc_column column_padding=&#8221;no-extra-padding&#8221; column_padding_tablet=&#8221;inherit&#8221;&#8230;<\/p>\n","protected":false},"author":1,"featured_media":0,"parent":0,"menu_order":0,"comment_status":"closed","ping_status":"closed","template":"","meta":{"footnotes":""},"class_list":["post-1130","page","type-page","status-publish"],"yoast_head":"<!-- This site is optimized with the Yoast SEO Premium plugin v21.9 (Yoast SEO v22.1) - https:\/\/yoast.com\/wordpress\/plugins\/seo\/ -->\n<title>Pliki cookie - Elektrick\u00e9 vyv\u00edja\u010de pary | VEIT | GHIDINI | ANFRA | ALBA | STIGEN | COMEL<\/title>\n<meta name=\"robots\" content=\"index, follow, max-snippet:-1, max-image-preview:large, max-video-preview:-1\" \/>\n<link rel=\"canonical\" href=\"https:\/\/vyvijacepary.sk\/pl\/pliki-cookie\/\" \/>\n<meta property=\"og:locale\" content=\"pl_PL\" \/>\n<meta property=\"og:type\" content=\"article\" \/>\n<meta property=\"og:title\" content=\"Pliki cookie\" \/>\n<meta property=\"og:description\" content=\"[vc_row type=&#8221;full_width_background&#8221; full_screen_row_position=&#8221;middle&#8221; column_margin=&#8221;none&#8221; column_direction=&#8221;default&#8221; column_direction_tablet=&#8221;default&#8221; column_direction_phone=&#8221;default&#8221; bg_color=&#8221;#001d3a&#8221; animated_gradient_bg=&#8221;true&#8221; animated_gradient_bg_color_1=&#8221;#000000&#8243; animated_gradient_bg_color_2=&#8221;#2c3c51&#8243; animated_gradient_bg_speed=&#8221;1300&#8243; animated_gradient_bg_blending_mode=&#8221;organic&#8221; scene_position=&#8221;center&#8221; top_padding=&#8221;11%&#8221; bottom_padding=&#8221;8%&#8221; text_color=&#8221;dark&#8221; text_align=&#8221;left&#8221; row_border_radius=&#8221;none&#8221; row_border_radius_applies=&#8221;bg&#8221; overflow=&#8221;visible&#8221; overlay_strength=&#8221;0.3&#8243; gradient_direction=&#8221;left_to_right&#8221; enable_shape_divider=&#8221;true&#8221; shape_divider_position=&#8221;bottom&#8221; bg_image_animation=&#8221;none&#8221; gradient_type=&#8221;default&#8221; shape_type=&#8221;straight_section&#8221;][vc_column column_padding=&#8221;no-extra-padding&#8221; column_padding_tablet=&#8221;inherit&#8221;...\" \/>\n<meta property=\"og:url\" content=\"https:\/\/vyvijacepary.sk\/pl\/pliki-cookie\/\" \/>\n<meta property=\"og:site_name\" content=\"Elektrick\u00e9 vyv\u00edja\u010de pary | VEIT | GHIDINI | ANFRA | ALBA | STIGEN | COMEL\" \/>\n<meta property=\"article:modified_time\" content=\"2025-12-07T11:40:37+00:00\" \/>\n<meta name=\"twitter:card\" content=\"summary_large_image\" \/>\n<meta name=\"twitter:label1\" content=\"Szacowany czas czytania\" \/>\n\t<meta name=\"twitter:data1\" content=\"9 minut\" \/>\n<script type=\"application\/ld+json\" class=\"yoast-schema-graph\">{\"@context\":\"https:\/\/schema.org\",\"@graph\":[{\"@type\":\"WebPage\",\"@id\":\"https:\/\/vyvijacepary.sk\/pl\/pliki-cookie\/\",\"url\":\"https:\/\/vyvijacepary.sk\/pl\/pliki-cookie\/\",\"name\":\"Pliki cookie - Elektrick\u00e9 vyv\u00edja\u010de pary | VEIT | GHIDINI | ANFRA | ALBA | STIGEN | COMEL\",\"isPartOf\":{\"@id\":\"https:\/\/vyvijacepary.sk\/pl\/#website\"},\"datePublished\":\"2024-11-28T15:07:48+00:00\",\"dateModified\":\"2025-12-07T11:40:37+00:00\",\"breadcrumb\":{\"@id\":\"https:\/\/vyvijacepary.sk\/pl\/pliki-cookie\/#breadcrumb\"},\"inLanguage\":\"pl-PL\",\"potentialAction\":[{\"@type\":\"ReadAction\",\"target\":[\"https:\/\/vyvijacepary.sk\/pl\/pliki-cookie\/\"]}]},{\"@type\":\"BreadcrumbList\",\"@id\":\"https:\/\/vyvijacepary.sk\/pl\/pliki-cookie\/#breadcrumb\",\"itemListElement\":[{\"@type\":\"ListItem\",\"position\":1,\"name\":\"Domovsk\u00e1 str\u00e1nka\",\"item\":\"https:\/\/vyvijacepary.sk\/pl\/\"},{\"@type\":\"ListItem\",\"position\":2,\"name\":\"Pliki cookie\"}]},{\"@type\":\"WebSite\",\"@id\":\"https:\/\/vyvijacepary.sk\/pl\/#website\",\"url\":\"https:\/\/vyvijacepary.sk\/pl\/\",\"name\":\"Elektrick\u00e9 vyv\u00edja\u010de pary | VEIT | GHIDINI | ANFRA | ALBA | STIGEN | COMEL\",\"description\":\"\",\"potentialAction\":[{\"@type\":\"SearchAction\",\"target\":{\"@type\":\"EntryPoint\",\"urlTemplate\":\"https:\/\/vyvijacepary.sk\/pl\/?s={search_term_string}\"},\"query-input\":\"required name=search_term_string\"}],\"inLanguage\":\"pl-PL\"}]}<\/script>\n<!-- \/ Yoast SEO Premium plugin. -->","yoast_head_json":{"title":"Pliki cookie - Elektrick\u00e9 vyv\u00edja\u010de pary | VEIT | GHIDINI | ANFRA | ALBA | STIGEN | COMEL","robots":{"index":"index","follow":"follow","max-snippet":"max-snippet:-1","max-image-preview":"max-image-preview:large","max-video-preview":"max-video-preview:-1"},"canonical":"https:\/\/vyvijacepary.sk\/pl\/pliki-cookie\/","og_locale":"pl_PL","og_type":"article","og_title":"Pliki cookie","og_description":"[vc_row type=&#8221;full_width_background&#8221; full_screen_row_position=&#8221;middle&#8221; column_margin=&#8221;none&#8221; column_direction=&#8221;default&#8221; column_direction_tablet=&#8221;default&#8221; column_direction_phone=&#8221;default&#8221; bg_color=&#8221;#001d3a&#8221; animated_gradient_bg=&#8221;true&#8221; animated_gradient_bg_color_1=&#8221;#000000&#8243; animated_gradient_bg_color_2=&#8221;#2c3c51&#8243; animated_gradient_bg_speed=&#8221;1300&#8243; animated_gradient_bg_blending_mode=&#8221;organic&#8221; scene_position=&#8221;center&#8221; top_padding=&#8221;11%&#8221; bottom_padding=&#8221;8%&#8221; text_color=&#8221;dark&#8221; text_align=&#8221;left&#8221; row_border_radius=&#8221;none&#8221; row_border_radius_applies=&#8221;bg&#8221; overflow=&#8221;visible&#8221; overlay_strength=&#8221;0.3&#8243; gradient_direction=&#8221;left_to_right&#8221; enable_shape_divider=&#8221;true&#8221; shape_divider_position=&#8221;bottom&#8221; bg_image_animation=&#8221;none&#8221; gradient_type=&#8221;default&#8221; shape_type=&#8221;straight_section&#8221;][vc_column column_padding=&#8221;no-extra-padding&#8221; column_padding_tablet=&#8221;inherit&#8221;...","og_url":"https:\/\/vyvijacepary.sk\/pl\/pliki-cookie\/","og_site_name":"Elektrick\u00e9 vyv\u00edja\u010de pary | VEIT | GHIDINI | ANFRA | ALBA | STIGEN | COMEL","article_modified_time":"2025-12-07T11:40:37+00:00","twitter_card":"summary_large_image","twitter_misc":{"Szacowany czas czytania":"9 minut"},"schema":{"@context":"https:\/\/schema.org","@graph":[{"@type":"WebPage","@id":"https:\/\/vyvijacepary.sk\/pl\/pliki-cookie\/","url":"https:\/\/vyvijacepary.sk\/pl\/pliki-cookie\/","name":"Pliki cookie - Elektrick\u00e9 vyv\u00edja\u010de pary | VEIT | GHIDINI | ANFRA | ALBA | STIGEN | COMEL","isPartOf":{"@id":"https:\/\/vyvijacepary.sk\/pl\/#website"},"datePublished":"2024-11-28T15:07:48+00:00","dateModified":"2025-12-07T11:40:37+00:00","breadcrumb":{"@id":"https:\/\/vyvijacepary.sk\/pl\/pliki-cookie\/#breadcrumb"},"inLanguage":"pl-PL","potentialAction":[{"@type":"ReadAction","target":["https:\/\/vyvijacepary.sk\/pl\/pliki-cookie\/"]}]},{"@type":"BreadcrumbList","@id":"https:\/\/vyvijacepary.sk\/pl\/pliki-cookie\/#breadcrumb","itemListElement":[{"@type":"ListItem","position":1,"name":"Domovsk\u00e1 str\u00e1nka","item":"https:\/\/vyvijacepary.sk\/pl\/"},{"@type":"ListItem","position":2,"name":"Pliki cookie"}]},{"@type":"WebSite","@id":"https:\/\/vyvijacepary.sk\/pl\/#website","url":"https:\/\/vyvijacepary.sk\/pl\/","name":"Elektrick\u00e9 vyv\u00edja\u010de pary | VEIT | GHIDINI | ANFRA | ALBA | STIGEN | COMEL","description":"","potentialAction":[{"@type":"SearchAction","target":{"@type":"EntryPoint","urlTemplate":"https:\/\/vyvijacepary.sk\/pl\/?s={search_term_string}"},"query-input":"required name=search_term_string"}],"inLanguage":"pl-PL"}]}},"_links":{"self":[{"href":"https:\/\/vyvijacepary.sk\/pl\/wp-json\/wp\/v2\/pages\/1130","targetHints":{"allow":["GET"]}}],"collection":[{"href":"https:\/\/vyvijacepary.sk\/pl\/wp-json\/wp\/v2\/pages"}],"about":[{"href":"https:\/\/vyvijacepary.sk\/pl\/wp-json\/wp\/v2\/types\/page"}],"author":[{"embeddable":true,"href":"https:\/\/vyvijacepary.sk\/pl\/wp-json\/wp\/v2\/users\/1"}],"replies":[{"embeddable":true,"href":"https:\/\/vyvijacepary.sk\/pl\/wp-json\/wp\/v2\/comments?post=1130"}],"version-history":[{"count":1,"href":"https:\/\/vyvijacepary.sk\/pl\/wp-json\/wp\/v2\/pages\/1130\/revisions"}],"predecessor-version":[{"id":1134,"href":"https:\/\/vyvijacepary.sk\/pl\/wp-json\/wp\/v2\/pages\/1130\/revisions\/1134"}],"wp:attachment":[{"href":"https:\/\/vyvijacepary.sk\/pl\/wp-json\/wp\/v2\/media?parent=1130"}],"curies":[{"name":"wp","href":"https:\/\/api.w.org\/{rel}","templated":true}]}}